{"id":646,"date":"2014-09-24T16:47:51","date_gmt":"2014-09-24T16:47:51","guid":{"rendered":"http:\/\/www.eleonorabernobich.it\/?page_id=646"},"modified":"2014-10-20T15:47:59","modified_gmt":"2014-10-20T15:47:59","slug":"area-sessuologica","status":"publish","type":"page","link":"http:\/\/www.eleonorabernobich.it\/?page_id=646","title":{"rendered":"Area Sessuologica"},"content":{"rendered":"<p>CONSULENZA PSICOTERAPIA<\/p>\n<p style=\"text-align: justify;\">La sessualit\u00e0 \u00e8 fondamento naturale delle relazioni sociali e svolge funzioni diverse di pari dignit\u00e0 e importanza: consente la trasmissione della vita e promuove la strutturazione della persona. La sessualit\u00e0 risulta dalla integrazione di componenti anatomo-fisiologiche, psicologiche, erotico creative, spirituali e sociali. Gli interventi mirano ad affrontare le disfunzioni sessuali attraverso una relazione d&#8217;aiuto capace di far assumere alla persona la consapevolezza della propria condizione e la possibilit\u00e0 di operare scelte congruenti.<\/p>\n<p>DISFUNZIONI<\/p>\n<ul>\n<li>Disfunzioni sessuali Maschili- femminili<\/li>\n<li>Disfunzioni sessuali ( maschili \/ femminili \/ coppia): Disfunzioni erettile &#8211; Eiaculazione precoce\/ritardata &#8211; Anorgasmia &#8211; Vaginismo \u2013 Dispareunia &#8211; Desiderio<\/li>\n<li>Disfunzione erettile<\/li>\n<li>Eiaculazione Precoce<\/li>\n<li>Anorgasmia<\/li>\n<li>Vaginismo<\/li>\n<li>Dispareunia<\/li>\n<li>Desiderio<\/li>\n<\/ul>\n<p>MODALITA<\/p>\n<p style=\"text-align: justify;\">Anche attraverso l\u2019utilizzo di una psicoterapia mansionale, gli interventi mirano a guidare la persona verso la risoluzione del disturbo sessuale di origine psicologica e al raggiungimento di una conduzione di benessere personale e di coppia. Un percorso che passa attraverso : costruzione di una relazione positiva con il proprio corpo e quello del partner, consapevolezza del proprio funzionamento sessuale, esplorazione dei vissuti , della dimensione del piacere e del significato del sintomo sessuale, consapevolezza e mobilitazione delle proprie risorse interne, riduzione della conflittualit\u00e0 di coppia.<\/p>\n","protected":false},"excerpt":{"rendered":"<p>CONSULENZA PSICOTERAPIA La sessualit\u00e0 \u00e8 fondamento naturale delle relazioni sociali e svolge funzioni diverse di pari dignit\u00e0 e importanza: consente la trasmissione della vita e promuove la strutturazione della persona. La sessualit\u00e0 risulta dalla integrazione di componenti anatomo-fisiologiche, psicologiche, erotico creative, spirituali e sociali. Gli interventi mirano ad affrontare le disfunzioni sessuali attraverso una relazione [&hellip;]<\/p>\n","protected":false},"author":1,"featured_media":0,"parent":0,"menu_order":0,"comment_status":"closed","ping_status":"closed","template":"","meta":{"footnotes":""},"class_list":["post-646","page","type-page","status-publish","hentry"],"_links":{"self":[{"href":"http:\/\/www.eleonorabernobich.it\/index.php?rest_route=\/wp\/v2\/pages\/646","targetHints":{"allow":["GET"]}}],"collection":[{"href":"http:\/\/www.eleonorabernobich.it\/index.php?rest_route=\/wp\/v2\/pages"}],"about":[{"href":"http:\/\/www.eleonorabernobich.it\/index.php?rest_route=\/wp\/v2\/types\/page"}],"author":[{"embeddable":true,"href":"http:\/\/www.eleonorabernobich.it\/index.php?rest_route=\/wp\/v2\/users\/1"}],"replies":[{"embeddable":true,"href":"http:\/\/www.eleonorabernobich.it\/index.php?rest_route=%2Fwp%2Fv2%2Fcomments&post=646"}],"version-history":[{"count":9,"href":"http:\/\/www.eleonorabernobich.it\/index.php?rest_route=\/wp\/v2\/pages\/646\/revisions"}],"predecessor-version":[{"id":690,"href":"http:\/\/www.eleonorabernobich.it\/index.php?rest_route=\/wp\/v2\/pages\/646\/revisions\/690"}],"wp:attachment":[{"href":"http:\/\/www.eleonorabernobich.it\/index.php?rest_route=%2Fwp%2Fv2%2Fmedia&parent=646"}],"curies":[{"name":"wp","href":"https:\/\/api.w.org\/{rel}","templated":true}]}}