{"id":637,"date":"2014-09-24T16:39:56","date_gmt":"2014-09-24T16:39:56","guid":{"rendered":"http:\/\/www.eleonorabernobich.it\/?page_id=637"},"modified":"2014-10-24T11:00:34","modified_gmt":"2014-10-24T11:00:34","slug":"orientamento","status":"publish","type":"page","link":"http:\/\/www.eleonorabernobich.it\/?page_id=637","title":{"rendered":"Orientamento"},"content":{"rendered":"<p style=\"text-align: justify;\">Con forte interesse alla storia della famiglia e dell&#8217;individuo<\/p>\n<p style=\"text-align: justify;\">L\u2019orientamento di tipo \u2018strutturale &#8211; esperienziale\u2019 da molta importanza alla relazione. La famiglia \u00e8 uno dei pi\u00f9 importanti sistemi di cui facciamo parte, il primo che sperimentiamo e che ci accompagna per sempre. La persona \u00e8 interdipendente con tutte le parti che compongono il suo sistema.<\/p>\n","protected":false},"excerpt":{"rendered":"<p>Con forte interesse alla storia della famiglia e dell&#8217;individuo L\u2019orientamento di tipo \u2018strutturale &#8211; esperienziale\u2019 da molta importanza alla relazione. La famiglia \u00e8 uno dei pi\u00f9 importanti sistemi di cui facciamo parte, il primo che sperimentiamo e che ci accompagna per sempre. La persona \u00e8 interdipendente con tutte le parti che compongono il suo sistema.<\/p>\n","protected":false},"author":1,"featured_media":0,"parent":0,"menu_order":0,"comment_status":"closed","ping_status":"closed","template":"","meta":{"footnotes":""},"class_list":["post-637","page","type-page","status-publish","hentry"],"_links":{"self":[{"href":"http:\/\/www.eleonorabernobich.it\/index.php?rest_route=\/wp\/v2\/pages\/637","targetHints":{"allow":["GET"]}}],"collection":[{"href":"http:\/\/www.eleonorabernobich.it\/index.php?rest_route=\/wp\/v2\/pages"}],"about":[{"href":"http:\/\/www.eleonorabernobich.it\/index.php?rest_route=\/wp\/v2\/types\/page"}],"author":[{"embeddable":true,"href":"http:\/\/www.eleonorabernobich.it\/index.php?rest_route=\/wp\/v2\/users\/1"}],"replies":[{"embeddable":true,"href":"http:\/\/www.eleonorabernobich.it\/index.php?rest_route=%2Fwp%2Fv2%2Fcomments&post=637"}],"version-history":[{"count":7,"href":"http:\/\/www.eleonorabernobich.it\/index.php?rest_route=\/wp\/v2\/pages\/637\/revisions"}],"predecessor-version":[{"id":704,"href":"http:\/\/www.eleonorabernobich.it\/index.php?rest_route=\/wp\/v2\/pages\/637\/revisions\/704"}],"wp:attachment":[{"href":"http:\/\/www.eleonorabernobich.it\/index.php?rest_route=%2Fwp%2Fv2%2Fmedia&parent=637"}],"curies":[{"name":"wp","href":"https:\/\/api.w.org\/{rel}","templated":true}]}}